{"id":136,"date":"2025-04-29T18:26:18","date_gmt":"2025-04-29T18:26:18","guid":{"rendered":"https:\/\/colectivoaccionesdiversas.com\/?page_id=136"},"modified":"2025-04-30T18:43:52","modified_gmt":"2025-04-30T18:43:52","slug":"en-propia-voz","status":"publish","type":"page","link":"https:\/\/colectivoaccionesdiversas.com\/index.php\/en-propia-voz\/","title":{"rendered":"EN PROPIA VOZ"},"content":{"rendered":"<div class=\"vce-row-container\" data-vce-boxed-width=\"true\"><div class=\"vce-row vce-row--col-gap-30 vce-row-equal-height vce-row-content--top\" id=\"el-e9ecec6d\" data-vce-do-apply=\"all el-e9ecec6d\"><div class=\"vce-row-content\" data-vce-element-content=\"true\"><div class=\"vce-col vce-col--md-auto vce-col--xs-1 vce-col--xs-last vce-col--xs-first vce-col--sm-last vce-col--sm-first vce-col--md-first vce-col--lg-first vce-col--xl-first\" id=\"el-90e4ffed\"><div class=\"vce-col-inner\" data-vce-do-apply=\"border margin background  el-90e4ffed\"><div class=\"vce-col-content\" data-vce-element-content=\"true\" data-vce-do-apply=\"padding el-90e4ffed\"><div class=\"vcv-row-control-wrapper\"><\/div><\/div><\/div><\/div><div class=\"vce-col vce-col--md-auto vce-col--xs-1 vce-col--xs-last vce-col--xs-first vce-col--sm-last vce-col--sm-first\" id=\"el-73235c03\"><div class=\"vce-col-inner\" data-vce-do-apply=\"border margin background  el-73235c03\"><div class=\"vce-col-content\" data-vce-element-content=\"true\" data-vce-do-apply=\"padding el-73235c03\"><div class=\"vce-single-image-container vce-single-image--align-left\"><div class=\"vce vce-single-image-wrapper\" id=\"el-1a9cf015\" data-vce-do-apply=\"all el-1a9cf015\"><figure><div class=\"vce-single-image-figure-inner\" style=\"width: 600px;\"><a href=\"http:\/\/colectivoaccionesdiversas.com\" title=\"\" target=\"_blank\" class=\"vce-single-image-inner vce-single-image--absolute\" style=\"width: 100%; padding-bottom: 56.1667%;\"><img loading=\"lazy\" decoding=\"async\" class=\"vce-single-image\"  width=\"600\" height=\"337\" srcset=\"https:\/\/colectivoaccionesdiversas.com\/wp-content\/uploads\/2025\/04\/logo-1-w-320x180.png 320w, https:\/\/colectivoaccionesdiversas.com\/wp-content\/uploads\/2025\/04\/logo-1-w-480x270.png 480w, https:\/\/colectivoaccionesdiversas.com\/wp-content\/uploads\/2025\/04\/logo-1-w-600x337.png 600w\" src=\"https:\/\/colectivoaccionesdiversas.com\/wp-content\/uploads\/2025\/04\/logo-1-w-600x337.png\" data-img-src=\"https:\/\/colectivoaccionesdiversas.com\/wp-content\/uploads\/2025\/04\/logo-1-w.png\" data-attachment-id=\"25\"  alt=\"\" title=\"logo-1-w\" \/><\/a><\/div><figcaption hidden=\"\"><\/figcaption><\/figure><\/div><\/div><\/div><\/div><\/div><div class=\"vce-col vce-col--md-auto vce-col--xs-1 vce-col--xs-last vce-col--xs-first vce-col--sm-last vce-col--sm-first vce-col--md-last vce-col--lg-last vce-col--xl-last\" id=\"el-844228ca\"><div class=\"vce-col-inner\" data-vce-do-apply=\"border margin background  el-844228ca\"><div class=\"vce-col-content\" data-vce-element-content=\"true\" data-vce-do-apply=\"padding el-844228ca\"><div class=\"vcv-row-control-wrapper\"><\/div><\/div><\/div><\/div><\/div><\/div><\/div><div class=\"vce-row-container\" data-vce-boxed-width=\"true\"><div class=\"vce-row vce-row--col-gap-30 vce-row-equal-height vce-row-content--top\" id=\"el-f6ba0b9a\" data-vce-do-apply=\"all el-f6ba0b9a\"><div class=\"vce-row-content\" data-vce-element-content=\"true\"><div class=\"vce-col vce-col--md-auto vce-col--xs-1 vce-col--xs-last vce-col--xs-first vce-col--sm-last vce-col--sm-first vce-col--md-last vce-col--lg-last vce-col--xl-last vce-col--md-first vce-col--lg-first vce-col--xl-first\" id=\"el-26dc6740\"><div class=\"vce-col-inner\" data-vce-do-apply=\"border margin background  el-26dc6740\"><div class=\"vce-col-content\" data-vce-element-content=\"true\" data-vce-do-apply=\"padding el-26dc6740\"><div class=\"vce-text-block\"><div class=\"vce-text-block-wrapper vce\" id=\"el-dfaf754f\" data-vce-do-apply=\"all el-dfaf754f\"><p style=\"text-align: center;\"><span style=\"color: #ffffff; font-size: 24pt;\">SEMBLANZAS<\/span><\/p><\/div><\/div><\/div><\/div><\/div><\/div><\/div><\/div><div class=\"vce-row-container\" data-vce-boxed-width=\"true\"><div class=\"vce-row vce-row--col-gap-30 vce-row-equal-height vce-row-content--top\" id=\"el-4d6fdf74\" data-vce-do-apply=\"all el-4d6fdf74\"><div class=\"vce-row-content\" data-vce-element-content=\"true\"><div class=\"vce-col vce-col--md-auto vce-col--xs-1 vce-col--xs-last vce-col--xs-first vce-col--sm-last vce-col--sm-first vce-col--md-first vce-col--lg-first vce-col--xl-first\" id=\"el-35d3a37a\"><div class=\"vce-col-inner\" data-vce-do-apply=\"border margin background  el-35d3a37a\"><div class=\"vce-col-content\" data-vce-element-content=\"true\" data-vce-do-apply=\"padding el-35d3a37a\"><div class=\"vce-text-block\"><div class=\"vce-text-block-wrapper vce\" id=\"el-5ca0b75d\" data-vce-do-apply=\"all el-5ca0b75d\"><h2 style=\"text-align: center;\"><span style=\"color: #999999;\">CONCEPCI\u00d3N ALEM\u00c1N<\/span><\/h2>\n<p>&nbsp;<\/p><\/div><\/div><\/div><\/div><\/div><div class=\"vce-col vce-col--md-auto vce-col--xs-1 vce-col--xs-last vce-col--xs-first vce-col--sm-last vce-col--sm-first\" id=\"el-c4c8ea98\"><div class=\"vce-col-inner\" data-vce-do-apply=\"border margin background  el-c4c8ea98\"><div class=\"vce-col-content\" data-vce-element-content=\"true\" data-vce-do-apply=\"padding el-c4c8ea98\"><div class=\"vce-text-block\"><div class=\"vce-text-block-wrapper vce\" id=\"el-75045ab1\" data-vce-do-apply=\"all el-75045ab1\"><h2 style=\"text-align: center;\"><span style=\"color: #999999;\">ALONSO HERN\u00c1NDEZ<\/span><\/h2>\n<p><div style=\"width: 720px;\" class=\"wp-video\"><video class=\"wp-video-shortcode\" id=\"video-136-1\" width=\"720\" height=\"1280\" preload=\"metadata\" controls=\"controls\"><source type=\"video\/mp4\" src=\"https:\/\/colectivoaccionesdiversas.com\/wp-content\/uploads\/2025\/04\/alonso_2.mp4?_=1\" \/><a href=\"https:\/\/colectivoaccionesdiversas.com\/wp-content\/uploads\/2025\/04\/alonso_2.mp4\">https:\/\/colectivoaccionesdiversas.com\/wp-content\/uploads\/2025\/04\/alonso_2.mp4<\/a><\/video><\/div><\/p><\/div><\/div><\/div><\/div><\/div><div class=\"vce-col vce-col--md-auto vce-col--xs-1 vce-col--xs-last vce-col--xs-first vce-col--sm-last vce-col--sm-first vce-col--md-last vce-col--lg-last vce-col--xl-last\" id=\"el-f7a182e3\"><div class=\"vce-col-inner\" data-vce-do-apply=\"border margin background  el-f7a182e3\"><div class=\"vce-col-content\" data-vce-element-content=\"true\" data-vce-do-apply=\"padding el-f7a182e3\"><div class=\"vce-text-block\"><div class=\"vce-text-block-wrapper vce\" id=\"el-6e9d2e1f\" data-vce-do-apply=\"all el-6e9d2e1f\"><h2 style=\"text-align: center;\"><span style=\"color: #999999;\">ENRIQUE TORRALBA<\/span><\/h2>\n<p><div style=\"width: 720px;\" class=\"wp-video\"><video class=\"wp-video-shortcode\" id=\"video-136-2\" width=\"720\" height=\"1280\" preload=\"metadata\" controls=\"controls\"><source type=\"video\/mp4\" src=\"https:\/\/colectivoaccionesdiversas.com\/wp-content\/uploads\/2025\/04\/eto.mp4?_=2\" \/><a href=\"https:\/\/colectivoaccionesdiversas.com\/wp-content\/uploads\/2025\/04\/eto.mp4\">https:\/\/colectivoaccionesdiversas.com\/wp-content\/uploads\/2025\/04\/eto.mp4<\/a><\/video><\/div><\/p><\/div><\/div><\/div><\/div><\/div><\/div><\/div><\/div><div class=\"vce-row-container\" data-vce-boxed-width=\"true\"><div class=\"vce-row vce-row--col-gap-30 vce-row-equal-height vce-row-content--top\" id=\"el-674c743b\" data-vce-do-apply=\"all el-674c743b\"><div class=\"vce-row-content\" data-vce-element-content=\"true\"><div class=\"vce-col vce-col--md-auto vce-col--xs-1 vce-col--xs-last vce-col--xs-first vce-col--sm-last vce-col--sm-first vce-col--md-first vce-col--lg-first vce-col--xl-first\" id=\"el-7978b1f4\"><div class=\"vce-col-inner\" data-vce-do-apply=\"border margin background  el-7978b1f4\"><div class=\"vce-col-content\" data-vce-element-content=\"true\" data-vce-do-apply=\"padding el-7978b1f4\"><div class=\"vcv-row-control-wrapper\"><\/div><\/div><\/div><\/div><div class=\"vce-col vce-col--md-auto vce-col--xs-1 vce-col--xs-last vce-col--xs-first vce-col--sm-last vce-col--sm-first\" id=\"el-2992f8da\"><div class=\"vce-col-inner\" data-vce-do-apply=\"border margin background  el-2992f8da\"><div class=\"vce-col-content\" data-vce-element-content=\"true\" data-vce-do-apply=\"padding el-2992f8da\"><div class=\"vcv-row-control-wrapper\"><\/div><\/div><\/div><\/div><div class=\"vce-col vce-col--md-auto vce-col--xs-1 vce-col--xs-last vce-col--xs-first vce-col--sm-last vce-col--sm-first\" id=\"el-f076fca4\"><div class=\"vce-col-inner\" data-vce-do-apply=\"border margin background  el-f076fca4\"><div class=\"vce-col-content\" data-vce-element-content=\"true\" data-vce-do-apply=\"padding el-f076fca4\"><div class=\"vcv-row-control-wrapper\"><\/div><\/div><\/div><\/div><div class=\"vce-col vce-col--md-auto vce-col--xs-1 vce-col--xs-last vce-col--xs-first vce-col--sm-last vce-col--sm-first\" id=\"el-bd832a74\"><div class=\"vce-col-inner\" data-vce-do-apply=\"border margin background  el-bd832a74\"><div class=\"vce-col-content\" data-vce-element-content=\"true\" data-vce-do-apply=\"padding el-bd832a74\"><div class=\"vcv-row-control-wrapper\"><\/div><\/div><\/div><\/div><div class=\"vce-col vce-col--md-auto vce-col--xs-1 vce-col--xs-last vce-col--xs-first vce-col--sm-last vce-col--sm-first vce-col--md-last vce-col--lg-last vce-col--xl-last\" id=\"el-6eae5c6e\"><div class=\"vce-col-inner\" data-vce-do-apply=\"border margin background  el-6eae5c6e\"><div class=\"vce-col-content\" data-vce-element-content=\"true\" data-vce-do-apply=\"padding el-6eae5c6e\"><div class=\"vcv-row-control-wrapper\"><\/div><\/div><\/div><\/div><\/div><\/div><\/div>","protected":false},"excerpt":{"rendered":"<p>SEMBLANZASCONCEPCI\u00d3N ALEM\u00c1N &nbsp;ALONSO HERN\u00c1NDEZ ENRIQUE TORRALBA<\/p>\n","protected":false},"author":1,"featured_media":0,"parent":0,"menu_order":0,"comment_status":"closed","ping_status":"closed","template":"","meta":{"footnotes":""},"class_list":["post-136","page","type-page","status-publish","hentry"],"_links":{"self":[{"href":"https:\/\/colectivoaccionesdiversas.com\/index.php\/wp-json\/wp\/v2\/pages\/136","targetHints":{"allow":["GET"]}}],"collection":[{"href":"https:\/\/colectivoaccionesdiversas.com\/index.php\/wp-json\/wp\/v2\/pages"}],"about":[{"href":"https:\/\/colectivoaccionesdiversas.com\/index.php\/wp-json\/wp\/v2\/types\/page"}],"author":[{"embeddable":true,"href":"https:\/\/colectivoaccionesdiversas.com\/index.php\/wp-json\/wp\/v2\/users\/1"}],"replies":[{"embeddable":true,"href":"https:\/\/colectivoaccionesdiversas.com\/index.php\/wp-json\/wp\/v2\/comments?post=136"}],"version-history":[{"count":6,"href":"https:\/\/colectivoaccionesdiversas.com\/index.php\/wp-json\/wp\/v2\/pages\/136\/revisions"}],"predecessor-version":[{"id":155,"href":"https:\/\/colectivoaccionesdiversas.com\/index.php\/wp-json\/wp\/v2\/pages\/136\/revisions\/155"}],"wp:attachment":[{"href":"https:\/\/colectivoaccionesdiversas.com\/index.php\/wp-json\/wp\/v2\/media?parent=136"}],"curies":[{"name":"wp","href":"https:\/\/api.w.org\/{rel}","templated":true}]}}