{"id":105,"date":"2025-04-29T15:59:12","date_gmt":"2025-04-29T15:59:12","guid":{"rendered":"https:\/\/colectivoaccionesdiversas.com\/?page_id=105"},"modified":"2025-04-30T19:30:45","modified_gmt":"2025-04-30T19:30:45","slug":"semblanzas","status":"publish","type":"page","link":"https:\/\/colectivoaccionesdiversas.com\/index.php\/semblanzas\/","title":{"rendered":"SEMBLANZAS"},"content":{"rendered":"<div class=\"vce-row-container\" data-vce-boxed-width=\"true\"><div class=\"vce-row vce-row--col-gap-30 vce-row-equal-height vce-row-content--top\" id=\"el-e9ecec6d\" data-vce-do-apply=\"all el-e9ecec6d\"><div class=\"vce-row-content\" data-vce-element-content=\"true\"><div class=\"vce-col vce-col--md-auto vce-col--xs-1 vce-col--xs-last vce-col--xs-first vce-col--sm-last vce-col--sm-first vce-col--md-first vce-col--lg-first vce-col--xl-first\" id=\"el-90e4ffed\"><div class=\"vce-col-inner\" data-vce-do-apply=\"border margin background  el-90e4ffed\"><div class=\"vce-col-content\" data-vce-element-content=\"true\" data-vce-do-apply=\"padding el-90e4ffed\"><div class=\"vcv-row-control-wrapper\"><\/div><\/div><\/div><\/div><div class=\"vce-col vce-col--md-auto vce-col--xs-1 vce-col--xs-last vce-col--xs-first vce-col--sm-last vce-col--sm-first\" id=\"el-73235c03\"><div class=\"vce-col-inner\" data-vce-do-apply=\"border margin background  el-73235c03\"><div class=\"vce-col-content\" data-vce-element-content=\"true\" data-vce-do-apply=\"padding el-73235c03\"><div class=\"vce-single-image-container vce-single-image--align-left\"><div class=\"vce vce-single-image-wrapper\" id=\"el-1a9cf015\" data-vce-do-apply=\"all el-1a9cf015\"><figure><div class=\"vce-single-image-figure-inner\" style=\"width: 600px;\"><a href=\"http:\/\/colectivoaccionesdiversas.com\" title=\"\" target=\"_blank\" class=\"vce-single-image-inner vce-single-image--absolute\" style=\"width: 100%; padding-bottom: 56.1667%;\"><img loading=\"lazy\" decoding=\"async\" class=\"vce-single-image\"  width=\"600\" height=\"337\" srcset=\"https:\/\/colectivoaccionesdiversas.com\/wp-content\/uploads\/2025\/04\/logo-1-w-320x180.png 320w, https:\/\/colectivoaccionesdiversas.com\/wp-content\/uploads\/2025\/04\/logo-1-w-480x270.png 480w, https:\/\/colectivoaccionesdiversas.com\/wp-content\/uploads\/2025\/04\/logo-1-w-600x337.png 600w\" src=\"https:\/\/colectivoaccionesdiversas.com\/wp-content\/uploads\/2025\/04\/logo-1-w-600x337.png\" data-img-src=\"https:\/\/colectivoaccionesdiversas.com\/wp-content\/uploads\/2025\/04\/logo-1-w.png\" data-attachment-id=\"25\"  alt=\"\" title=\"logo-1-w\" \/><\/a><\/div><figcaption hidden=\"\"><\/figcaption><\/figure><\/div><\/div><\/div><\/div><\/div><div class=\"vce-col vce-col--md-auto vce-col--xs-1 vce-col--xs-last vce-col--xs-first vce-col--sm-last vce-col--sm-first vce-col--md-last vce-col--lg-last vce-col--xl-last\" id=\"el-844228ca\"><div class=\"vce-col-inner\" data-vce-do-apply=\"border margin background  el-844228ca\"><div class=\"vce-col-content\" data-vce-element-content=\"true\" data-vce-do-apply=\"padding el-844228ca\"><div class=\"vcv-row-control-wrapper\"><\/div><\/div><\/div><\/div><\/div><\/div><\/div><div class=\"vce-row-container\" data-vce-boxed-width=\"true\"><div class=\"vce-row vce-row--col-gap-30 vce-row-equal-height vce-row-content--top\" id=\"el-f6ba0b9a\" data-vce-do-apply=\"all el-f6ba0b9a\"><div class=\"vce-row-content\" data-vce-element-content=\"true\"><div class=\"vce-col vce-col--md-auto vce-col--xs-1 vce-col--xs-last vce-col--xs-first vce-col--sm-last vce-col--sm-first vce-col--md-last vce-col--lg-last vce-col--xl-last vce-col--md-first vce-col--lg-first vce-col--xl-first\" id=\"el-26dc6740\"><div class=\"vce-col-inner\" data-vce-do-apply=\"border margin background  el-26dc6740\"><div class=\"vce-col-content\" data-vce-element-content=\"true\" data-vce-do-apply=\"padding el-26dc6740\"><div class=\"vce-text-block\"><div class=\"vce-text-block-wrapper vce\" id=\"el-dfaf754f\" data-vce-do-apply=\"all el-dfaf754f\"><p style=\"text-align: center;\"><span style=\"color: #ffffff; font-size: 24pt;\">SEMBLANZAS<\/span><\/p><\/div><\/div><\/div><\/div><\/div><\/div><\/div><\/div><div class=\"vce-row-container\" data-vce-boxed-width=\"true\"><div class=\"vce-row vce-row--col-gap-30 vce-row-equal-height vce-row-content--top\" id=\"el-4d6fdf74\" data-vce-do-apply=\"all el-4d6fdf74\"><div class=\"vce-row-content\" data-vce-element-content=\"true\"><div class=\"vce-col vce-col--md-32p vce-col--xs-1 vce-col--xs-last vce-col--xs-first vce-col--sm-last vce-col--sm-first vce-col--md-first vce-col--lg-first vce-col--xl-first\" id=\"el-35d3a37a\"><div class=\"vce-col-inner\" data-vce-do-apply=\"border margin background  el-35d3a37a\"><div class=\"vce-col-content\" data-vce-element-content=\"true\" data-vce-do-apply=\"padding el-35d3a37a\"><div class=\"vce-text-block\"><div class=\"vce-text-block-wrapper vce\" id=\"el-5ca0b75d\" data-vce-do-apply=\"all el-5ca0b75d\"><h2><img loading=\"lazy\" decoding=\"async\" class=\"alignnone size-medium wp-image-129 aligncenter\" src=\"https:\/\/colectivoaccionesdiversas.com\/wp-content\/uploads\/2025\/04\/concho-300x300.png\" alt=\"\" width=\"300\" height=\"300\" srcset=\"https:\/\/colectivoaccionesdiversas.com\/wp-content\/uploads\/2025\/04\/concho-300x300.png 300w, https:\/\/colectivoaccionesdiversas.com\/wp-content\/uploads\/2025\/04\/concho-150x150.png 150w, https:\/\/colectivoaccionesdiversas.com\/wp-content\/uploads\/2025\/04\/concho-320x320.png 320w, https:\/\/colectivoaccionesdiversas.com\/wp-content\/uploads\/2025\/04\/concho.png 400w\" sizes=\"auto, (max-width: 300px) 100vw, 300px\" \/><\/h2>\n<h2 style=\"text-align: center;\"><span style=\"color: #999999;\">CONCEPCI\u00d3N ALEM\u00c1N<\/span><\/h2>\n<p><span style=\"color: #999999;\">Orgulloso hijo de Refugio Alem\u00e1n-Castillo Rend\u00f3n y Elodia Pe\u00f1aloza Jim\u00e9nez. Obtuvo el grado de Licenciado en Periodismo y Comunicaci\u00f3n Colectiva por la FES-Acatl\u00e1n de la Universidad Nacional Aut\u00f3noma de M\u00e9xico con Menci\u00f3n Honorifica. <\/span><br><span style=\"color: #999999;\">En el 2003 fund\u00f3 la casa productora y desde el 2008 es presidente de ACAENCORTO Producciones, A.C. y Director General del Festival Internacional de cortometraje, El cine a las calles\u2026 (FICCC), realizado del 2005 hasta el 2018 en 29 estados de la Rep\u00fablica Mexicana, Guatemala, Honduras, Colombia, Estados Unidos, Canad\u00e1, Espa\u00f1a y Francia. En 2013 fue presidente del proyecto Novel, Foro Mexicano para el Cine Nuevo que se llev\u00f3 a cabo en Puebla capital y Cholula financiado por el IMCINE.<\/span><br><span style=\"color: #999999;\">Fue Secretario de Organizaci\u00f3n y de Gesti\u00f3n Social en M\u00e9xico Nuevo Estado de M\u00e9xico A.C. Subdirector de Bienestar y Recreaci\u00f3n Juvenil del Instituto Mexiquense de la Juventud, del Gobierno del Estado de M\u00e9xico, donde gan\u00f3 el Premio Nacional de Buenas Pr\u00e1cticas en Materia de Juventud en el 2014 entregado por USAID, IMJUVE y UNFPA. <\/span><br><span style=\"color: #999999;\">Profesor de los Diplomados en Relaciones P\u00fablicas y Elaboraci\u00f3n de campa\u00f1as electorales en la UAM Xochimilco; Profesor del m\u00f3dulo Marketing Pol\u00edtico de la Maestr\u00eda de Consultor\u00eda de Imagen, Protocolo y Relaciones P\u00fablicas en Imatge Consulting&amp;School; Profesor gu\u00eda del Taller sobre Derechos Sexuales y Reproductivos de la UAEM-DIPEPA-INMUJERES. Tallerista del proyecto PreviVhiendo Prevenci\u00f3n en Movimiento financiado por CENSIDA con CODISE, A.C., en Guadalajara y zona metropolitana, Jalisco. <\/span><br><span style=\"color: #999999;\">Ayudante de Investigador Nivel III por el Sistema Nacional de Investigadores en el Centro de Estudios Demogr\u00e1ficos y de Desarrollo Urbano del Colegio de M\u00e9xico. Conferencista en temas de salud sexual y reproductiva, procesos electorales, conformaci\u00f3n de estructura y movilizaci\u00f3n electoral.<\/span><br><span style=\"color: #999999;\">Es Presidente del Consejo Consultivo del Museo Memoria LGBTTTIQ+ M\u00e9xico en Guadalajara, Jalisco y junto con Jaime Cobian y CODISE ha coordinado editorialmente ocho libros de los cuales han publicado cuatro. Colabora en el Colectivo de Acciones Diversas (CADI) que realiza desde hace seis a\u00f1os la velada Luz por nuestros muertos que denuncia los cr\u00edmenes de odio en contra de las poblaciones LGBTTTIQ+ en el pa\u00eds, as\u00ed como particip\u00f3 en la redacci\u00f3n de la propuesta para considerar la Marcha de la Ciudad de M\u00e9xico como patrimonio sociocultural y su plan de resguardo.<\/span><\/p><\/div><\/div><\/div><\/div><\/div><div class=\"vce-col vce-col--md-34p vce-col--xs-1 vce-col--xs-last vce-col--xs-first vce-col--sm-last vce-col--sm-first\" id=\"el-c4c8ea98\"><div class=\"vce-col-inner\" data-vce-do-apply=\"border margin background  el-c4c8ea98\"><div class=\"vce-col-content\" data-vce-element-content=\"true\" data-vce-do-apply=\"padding el-c4c8ea98\"><div class=\"vce-text-block\"><div class=\"vce-text-block-wrapper vce\" id=\"el-75045ab1\" data-vce-do-apply=\"all el-75045ab1\"><h2><img loading=\"lazy\" decoding=\"async\" class=\"alignnone size-medium wp-image-128 aligncenter\" src=\"https:\/\/colectivoaccionesdiversas.com\/wp-content\/uploads\/2025\/04\/alo-300x300.png\" alt=\"\" width=\"300\" height=\"300\" srcset=\"https:\/\/colectivoaccionesdiversas.com\/wp-content\/uploads\/2025\/04\/alo-300x300.png 300w, https:\/\/colectivoaccionesdiversas.com\/wp-content\/uploads\/2025\/04\/alo-150x150.png 150w, https:\/\/colectivoaccionesdiversas.com\/wp-content\/uploads\/2025\/04\/alo-320x320.png 320w, https:\/\/colectivoaccionesdiversas.com\/wp-content\/uploads\/2025\/04\/alo.png 400w\" sizes=\"auto, (max-width: 300px) 100vw, 300px\" \/><\/h2>\n<h2 style=\"text-align: center;\"><span style=\"color: #999999;\">ALONSO HERN\u00c1NDEZ<\/span><\/h2>\n<p><span style=\"color: #999999;\">Estudi\u00f3 la carrera de Historia en la Escuela Nacional de Antropolog\u00eda e Historia. Ha sido co coordinador de la Red Orgullo 31, La Red Orgullo por la Igualdad y la Diversidad Sexual, Centro de Investigaci\u00f3n y Documentaci\u00f3n de las Homosexualidades (CIDHOM), Coordinador del Grupo 44 de Amnist\u00eda Internacional Secci\u00f3n Mexicana, del Seminario Hist\u00f3rico LGBTTTI Mexicano, Director de Archivos y Memorias Diversas, Administrador del <\/span><br><span style=\"color: #999999;\">Obituario LGBTTTI Mexicano y actualmente coordina las tradicionales charlas de El Taller de los Martes, foro cultural y de activismo para la poblaci\u00f3n LGBTTTI, tradici\u00f3n originada en 1987.<\/span><\/p>\n<p><span style=\"color: #999999;\">Ha participado en las marchas del orgullo desde 1995 e integr\u00e1ndose a los comit\u00e9s organizadores del 2009, 2012, 2013 y 2014. Fundador en 2020 del AMAI LGBTQIA+, organizaci\u00f3n latinoamericana de Archivos, Museos, Acervos e Investigadores LGBTIQ+ y militante del Grupo Guerrilla Gay desde 2014.<\/span><\/p>\n<p><span style=\"color: #999999;\">Ha publicado diversos art\u00edculos sobre Derechos Humanos e Historia LGBT en revistas como: SOS, Atractivo, Atracci\u00f3n para Hombres, Ser Gay, Boys &amp; Toys.<\/span><\/p>\n<p><span style=\"color: #999999;\">Ha publicado el cap\u00edtulo de Historia LGBT para el libro \u201cPara Entender la Diversidad Sexual\u201d del grupo Musas de Metal; varios art\u00edculos para el libro \u201cDemolici\u00f3n de G\u00e9nero 2\u201d coordinado por Edgard B. Bryand; tiene un art\u00edculo en la segunda edici\u00f3n de M\u00e9xico se escribe con Jota de Michael K. Schlesser: \u201cH\u00e1bitats en peligro de extinci\u00f3n: ba\u00f1os de vapor, La Alameda y otros parques\u201d.<\/span><\/p>\n<p><span style=\"color: #999999;\">Public\u00f3 para el libro \"G\u00e9nero y sus perspectivas\" compilado por Odette Alonso, el art\u00edculo dedicado a \"Archivos y Memorias Diversas, recuperando nuestra historia con Orgullo\", editado por la UNAM; adem\u00e1s tiene un art\u00edculo en el libro: \"Cultura, pol\u00edtica, sexualidade e G\u00ebnero na America Latina\" publicado por la Universidad Federal de Catal\u00e1o, Brasil; \"Antonio Adalid Pradel entre la Sodom\u00eda y la Homosexualidad\".<\/span><\/p>\n<p><span style=\"color: #999999;\">Actualmente est\u00e1 coordinando dos tomos compilatorios de trabajos historiogr\u00e1ficos de trece a\u00f1os del Seminario Hist\u00f3rico LGBTTTI<\/span><\/p><\/div><\/div><\/div><\/div><\/div><div class=\"vce-col vce-col--md-auto vce-col--xs-1 vce-col--xs-last vce-col--xs-first vce-col--sm-last vce-col--sm-first vce-col--md-last vce-col--lg-last vce-col--xl-last\" id=\"el-f7a182e3\"><div class=\"vce-col-inner\" data-vce-do-apply=\"border margin background  el-f7a182e3\"><div class=\"vce-col-content\" data-vce-element-content=\"true\" data-vce-do-apply=\"padding el-f7a182e3\"><div class=\"vce-text-block\"><div class=\"vce-text-block-wrapper vce\" id=\"el-8f9e73c9\" data-vce-do-apply=\"all el-8f9e73c9\"><h2><img loading=\"lazy\" decoding=\"async\" class=\"alignnone size-medium wp-image-133 aligncenter\" src=\"https:\/\/colectivoaccionesdiversas.com\/wp-content\/uploads\/2025\/04\/eto-300x300.png\" alt=\"\" width=\"300\" height=\"300\" srcset=\"https:\/\/colectivoaccionesdiversas.com\/wp-content\/uploads\/2025\/04\/eto-300x300.png 300w, https:\/\/colectivoaccionesdiversas.com\/wp-content\/uploads\/2025\/04\/eto-150x150.png 150w, https:\/\/colectivoaccionesdiversas.com\/wp-content\/uploads\/2025\/04\/eto-320x320.png 320w, https:\/\/colectivoaccionesdiversas.com\/wp-content\/uploads\/2025\/04\/eto.png 400w\" sizes=\"auto, (max-width: 300px) 100vw, 300px\" \/><\/h2>\n<h2 style=\"text-align: center;\"><span style=\"color: #999999;\">ENRIQUE TORRALBA<\/span><\/h2>\n<p><span style=\"color: #999999;\">Ilustrador, dise\u00f1ador, artista multi disciplina.<\/span><br><span style=\"color: #999999;\">No creo en purezas, la promiscuidad creativa es mi punto de partida y mi destino final, me adapto como se adapta el agua a los espacios peque\u00f1os, aunque est\u00e9 acostumbrada a la inmensidad. <\/span><br><span style=\"color: #999999;\">Como ilustrador he publicado cuarenta y cinco libros, algunos de ellos en en M\u00e9xico, Espa\u00f1a, Portugal, Brasil, Emiratos \u00c1rabes, USA, Israel, Jap\u00f3n. Como dise\u00f1ador y artista he formado parte de proyectos destacados de todo tipo: Mural tem\u00e1tico de Mesoam\u00e9rica en el Museo Amparo de Puebla, he representado a M\u00e9xico en la bienal del libro de Quebec y la bienal del libro de Par\u00eds, form\u00e9 parte de la muestra La immagini della fantas\u00eda en Italia en un par de ocasiones 2009 y 2012. Fundador, una vez presidente y actual representante legal de la Asociaci\u00f3n Mexicana de Ilustradores. Con reconocimientos nacionales e internacionales, dos veces parte del Sistema Nacional de Creadores de Arte del FONCA, con dos importantes proyectos de libros de su autor\u00eda, De monta\u00f1as, palmeras y limas reinas y Negro. Adem\u00e1s con su primer libro de narrativa ilustrada silente en proceso de publicaci\u00f3n. Docente en diplomados y universidades, conferencista, y formador de ilustradores. Mi trabajo se expuesto individual y colectivamente en America y en Europa.<\/span><\/p>\n<p><span style=\"color: #999999;\">Dentro del mundo LGBTTTQ+.<\/span><br><span style=\"color: #999999;\">En el 2007 propuse la primera y \u00fanica canci\u00f3n que represent\u00f3 la Marcha del orgullo de ese a\u00f1o junto con su video oficial. Creador y fundador del Coro Gay de la Ciudad de M\u00e9xico y parte de la directiva durante siete a\u00f1os, activista en VIH desde el 2002, miembro de CADI desde hace tres a\u00f1os, actualmente con nuevo proyecto coral, Voces Unidas De La Diversidad, VUDI, del que soy el director ejecutivo. Actualmente preparo mi primera exposici\u00f3n pict\u00f3rica con una direcci\u00f3n gr\u00e1fico conceptual, LGBT.<\/span><\/p><\/div><\/div><\/div><\/div><\/div><\/div><\/div><\/div><div class=\"vce-row-container\" data-vce-boxed-width=\"true\"><div class=\"vce-row vce-row--col-gap-30 vce-row-equal-height vce-row-content--top\" id=\"el-674c743b\" data-vce-do-apply=\"all el-674c743b\"><div class=\"vce-row-content\" data-vce-element-content=\"true\"><div class=\"vce-col vce-col--md-auto vce-col--xs-1 vce-col--xs-last vce-col--xs-first vce-col--sm-last vce-col--sm-first vce-col--md-first vce-col--lg-first vce-col--xl-first\" id=\"el-7978b1f4\"><div class=\"vce-col-inner\" data-vce-do-apply=\"border margin background  el-7978b1f4\"><div class=\"vce-col-content\" data-vce-element-content=\"true\" data-vce-do-apply=\"padding el-7978b1f4\"><div class=\"vcv-row-control-wrapper\"><\/div><\/div><\/div><\/div><div class=\"vce-col vce-col--md-auto vce-col--xs-1 vce-col--xs-last vce-col--xs-first vce-col--sm-last vce-col--sm-first\" id=\"el-2992f8da\"><div class=\"vce-col-inner\" data-vce-do-apply=\"border margin background  el-2992f8da\"><div class=\"vce-col-content\" data-vce-element-content=\"true\" data-vce-do-apply=\"padding el-2992f8da\"><div class=\"vcv-row-control-wrapper\"><\/div><\/div><\/div><\/div><div class=\"vce-col vce-col--md-auto vce-col--xs-1 vce-col--xs-last vce-col--xs-first vce-col--sm-last vce-col--sm-first\" id=\"el-f076fca4\"><div class=\"vce-col-inner\" data-vce-do-apply=\"border margin background  el-f076fca4\"><div class=\"vce-col-content\" data-vce-element-content=\"true\" data-vce-do-apply=\"padding el-f076fca4\"><div class=\"vcv-row-control-wrapper\"><\/div><\/div><\/div><\/div><div class=\"vce-col vce-col--md-auto vce-col--xs-1 vce-col--xs-last vce-col--xs-first vce-col--sm-last vce-col--sm-first\" id=\"el-bd832a74\"><div class=\"vce-col-inner\" data-vce-do-apply=\"border margin background  el-bd832a74\"><div class=\"vce-col-content\" data-vce-element-content=\"true\" data-vce-do-apply=\"padding el-bd832a74\"><div class=\"vcv-row-control-wrapper\"><\/div><\/div><\/div><\/div><div class=\"vce-col vce-col--md-auto vce-col--xs-1 vce-col--xs-last vce-col--xs-first vce-col--sm-last vce-col--sm-first vce-col--md-last vce-col--lg-last vce-col--xl-last\" id=\"el-6eae5c6e\"><div class=\"vce-col-inner\" data-vce-do-apply=\"border margin background  el-6eae5c6e\"><div class=\"vce-col-content\" data-vce-element-content=\"true\" data-vce-do-apply=\"padding el-6eae5c6e\"><div class=\"vcv-row-control-wrapper\"><\/div><\/div><\/div><\/div><\/div><\/div><\/div>","protected":false},"excerpt":{"rendered":"<p>SEMBLANZAS CONCEPCI\u00d3N ALEM\u00c1N Orgulloso hijo de Refugio Alem\u00e1n-Castillo Rend\u00f3n y Elodia Pe\u00f1aloza Jim\u00e9nez. Obtuvo el grado de Licenciado en Periodismo y Comunicaci\u00f3n Colectiva por la FES-Acatl\u00e1n de la Universidad Nacional Aut\u00f3noma de M\u00e9xico con Menci\u00f3n Honorifica. En el 2003 fund\u00f3 la casa productora y desde el 2008 es presidente de&hellip; <\/p>\n","protected":false},"author":1,"featured_media":0,"parent":0,"menu_order":0,"comment_status":"closed","ping_status":"closed","template":"","meta":{"footnotes":""},"class_list":["post-105","page","type-page","status-publish","hentry"],"_links":{"self":[{"href":"https:\/\/colectivoaccionesdiversas.com\/index.php\/wp-json\/wp\/v2\/pages\/105","targetHints":{"allow":["GET"]}}],"collection":[{"href":"https:\/\/colectivoaccionesdiversas.com\/index.php\/wp-json\/wp\/v2\/pages"}],"about":[{"href":"https:\/\/colectivoaccionesdiversas.com\/index.php\/wp-json\/wp\/v2\/types\/page"}],"author":[{"embeddable":true,"href":"https:\/\/colectivoaccionesdiversas.com\/index.php\/wp-json\/wp\/v2\/users\/1"}],"replies":[{"embeddable":true,"href":"https:\/\/colectivoaccionesdiversas.com\/index.php\/wp-json\/wp\/v2\/comments?post=105"}],"version-history":[{"count":9,"href":"https:\/\/colectivoaccionesdiversas.com\/index.php\/wp-json\/wp\/v2\/pages\/105\/revisions"}],"predecessor-version":[{"id":164,"href":"https:\/\/colectivoaccionesdiversas.com\/index.php\/wp-json\/wp\/v2\/pages\/105\/revisions\/164"}],"wp:attachment":[{"href":"https:\/\/colectivoaccionesdiversas.com\/index.php\/wp-json\/wp\/v2\/media?parent=105"}],"curies":[{"name":"wp","href":"https:\/\/api.w.org\/{rel}","templated":true}]}}