{"id":103,"date":"2025-04-29T15:49:32","date_gmt":"2025-04-29T15:49:32","guid":{"rendered":"https:\/\/colectivoaccionesdiversas.com\/?page_id=103"},"modified":"2025-06-14T02:00:33","modified_gmt":"2025-06-14T02:00:33","slug":"patrimonio","status":"publish","type":"page","link":"https:\/\/colectivoaccionesdiversas.com\/index.php\/patrimonio\/","title":{"rendered":"PATRIMONIO"},"content":{"rendered":"<div class=\"vce-row-container\" data-vce-boxed-width=\"true\"><div class=\"vce-row vce-row--col-gap-30 vce-row-equal-height vce-row-content--top\" id=\"el-14834723\" data-vce-do-apply=\"all el-14834723\"><div class=\"vce-row-content\" data-vce-element-content=\"true\"><div class=\"vce-col vce-col--md-auto vce-col--xs-1 vce-col--xs-last vce-col--xs-first vce-col--sm-last vce-col--sm-first vce-col--md-first vce-col--lg-first vce-col--xl-first\" id=\"el-fcc846c4\"><div class=\"vce-col-inner\" data-vce-do-apply=\"border margin background  el-fcc846c4\"><div class=\"vce-col-content\" data-vce-element-content=\"true\" data-vce-do-apply=\"padding el-fcc846c4\"><div class=\"vcv-row-control-wrapper\"><\/div><\/div><\/div><\/div><div class=\"vce-col vce-col--md-auto vce-col--xs-1 vce-col--xs-last vce-col--xs-first vce-col--sm-last vce-col--sm-first\" id=\"el-f35dd0ea\"><div class=\"vce-col-inner\" data-vce-do-apply=\"border margin background  el-f35dd0ea\"><div class=\"vce-col-content\" data-vce-element-content=\"true\" data-vce-do-apply=\"padding el-f35dd0ea\"><div class=\"vce-single-image-container vce-single-image--align-left\"><div class=\"vce vce-single-image-wrapper\" id=\"el-f1067f64\" data-vce-do-apply=\"all el-f1067f64\"><figure><div class=\"vce-single-image-figure-inner\" style=\"width: 600px;\"><div class=\"vce-single-image-inner vce-single-image--absolute\" style=\"width: 100%; padding-bottom: 56.1667%;\"><img loading=\"lazy\" decoding=\"async\" class=\"vce-single-image\"  width=\"600\" height=\"337\" srcset=\"https:\/\/colectivoaccionesdiversas.com\/wp-content\/uploads\/2025\/04\/logo-1-w-320x180.png 320w, https:\/\/colectivoaccionesdiversas.com\/wp-content\/uploads\/2025\/04\/logo-1-w-480x270.png 480w, https:\/\/colectivoaccionesdiversas.com\/wp-content\/uploads\/2025\/06\/logo-1-w-600x337.png 600w\" src=\"https:\/\/colectivoaccionesdiversas.com\/wp-content\/uploads\/2025\/06\/logo-1-w-600x337.png\" data-img-src=\"https:\/\/colectivoaccionesdiversas.com\/wp-content\/uploads\/2025\/04\/logo-1-w.png\" data-attachment-id=\"25\"  alt=\"\" title=\"logo-1-w\" \/><\/div><\/div><figcaption hidden=\"\"><\/figcaption><\/figure><\/div><\/div><\/div><\/div><\/div><div class=\"vce-col vce-col--md-auto vce-col--xs-1 vce-col--xs-last vce-col--xs-first vce-col--sm-last vce-col--sm-first vce-col--md-last vce-col--lg-last vce-col--xl-last\" id=\"el-e060c4d6\"><div class=\"vce-col-inner\" data-vce-do-apply=\"border margin background  el-e060c4d6\"><div class=\"vce-col-content\" data-vce-element-content=\"true\" data-vce-do-apply=\"padding el-e060c4d6\"><div class=\"vcv-row-control-wrapper\"><\/div><\/div><\/div><\/div><\/div><\/div><\/div><div class=\"vce-row-container\" data-vce-boxed-width=\"true\"><div class=\"vce-row vce-row--col-gap-30 vce-row-equal-height vce-row-content--top\" id=\"el-3cba2cb0\" data-vce-do-apply=\"all el-3cba2cb0\"><div class=\"vce-row-content\" data-vce-element-content=\"true\"><div class=\"vce-col vce-col--md-auto vce-col--xs-1 vce-col--xs-last vce-col--xs-first vce-col--sm-last vce-col--sm-first vce-col--md-last vce-col--lg-last vce-col--xl-last vce-col--md-first vce-col--lg-first vce-col--xl-first\" id=\"el-29ae03f1\"><div class=\"vce-col-inner\" data-vce-do-apply=\"border margin background  el-29ae03f1\"><div class=\"vce-col-content\" data-vce-element-content=\"true\" data-vce-do-apply=\"padding el-29ae03f1\"><div class=\"vce-text-block\"><div class=\"vce-text-block-wrapper vce\" id=\"el-98b84e15\" data-vce-do-apply=\"all el-98b84e15\"><h2 style=\"text-align: center;\"><span style=\"color: #999999;\">CADI ES INTEGRADA POR LAS SIGUIENTES PERSONAS<\/span><\/h2><p style=\"text-align: center;\">ALONSO HERN\u00c1NDEZ - CONCEPCI\u00d3N ALEM\u00c1N - ABRAHAM MANRIQUEZ - PACO VELA - JOE ALMAGUER - GILDA SALDA\u00d1A - ENRIQUE MART\u00cdNEZ - JAVIER MART\u00cdNEZ - ENRIQUE TORRALBA - JUAN CARLOS YUSTIS <\/p><\/div><\/div><\/div><\/div><\/div><\/div><\/div><\/div><div class=\"vce-row-container\" data-vce-boxed-width=\"true\"><div class=\"vce-row vce-row--col-gap-30 vce-row-equal-height vce-row-content--top\" id=\"el-f0d293aa\" data-vce-do-apply=\"all el-f0d293aa\"><div class=\"vce-row-content\" data-vce-element-content=\"true\"><div class=\"vce-col vce-col--md-auto vce-col--xs-1 vce-col--xs-last vce-col--xs-first vce-col--sm-last vce-col--sm-first vce-col--md-last vce-col--lg-last vce-col--xl-last vce-col--md-first vce-col--lg-first vce-col--xl-first\" id=\"el-266655ab\"><div class=\"vce-col-inner\" data-vce-do-apply=\"border margin background  el-266655ab\"><div class=\"vce-col-content\" data-vce-element-content=\"true\" data-vce-do-apply=\"padding el-266655ab\"><div class=\"vce vce-separator-container vce-separator--align-center vce-separator--style-solid\" id=\"el-2dab8d26\" data-vce-do-apply=\"margin el-2dab8d26\"><div class=\"vce-separator vce-separator--color-bfc0c1 vce-separator--width-60 vce-separator--thickness-1\" data-vce-do-apply=\"border padding background  el-2dab8d26\"><\/div><\/div><\/div><\/div><\/div><\/div><\/div><\/div><div class=\"vce-row-container\" data-vce-boxed-width=\"true\"><div class=\"vce-row vce-row--col-gap-30 vce-row-equal-height vce-row-content--top\" id=\"el-a2806e32\" data-vce-do-apply=\"all el-a2806e32\"><div class=\"vce-row-content\" data-vce-element-content=\"true\"><div class=\"vce-col vce-col--md-19p vce-col--xs-1 vce-col--xs-last vce-col--xs-first vce-col--sm-last vce-col--sm-first vce-col--md-first vce-col--lg-first vce-col--xl-first\" id=\"el-cecffbff\"><div class=\"vce-col-inner\" data-vce-do-apply=\"border margin background  el-cecffbff\"><div class=\"vce-col-content\" data-vce-element-content=\"true\" data-vce-do-apply=\"padding el-cecffbff\"><div class=\"vcv-row-control-wrapper\"><\/div><\/div><\/div><\/div><div class=\"vce-col vce-col--md-62p vce-col--xs-1 vce-col--xs-last vce-col--xs-first vce-col--sm-last vce-col--sm-first\" id=\"el-0e7c63f2\"><div class=\"vce-col-inner\" data-vce-do-apply=\"border margin background  el-0e7c63f2\"><div class=\"vce-col-content\" data-vce-element-content=\"true\" data-vce-do-apply=\"padding el-0e7c63f2\"><div class=\"vce-single-image-container vce-single-image--align-left\"><div class=\"vce vce-single-image-wrapper\" id=\"el-a4183398\" data-vce-do-apply=\"all el-a4183398\"><figure><div class=\"vce-single-image-figure-inner\" style=\"width: 896px;\"><div class=\"vce-single-image-inner vce-single-image--absolute\" style=\"width: 100%; padding-bottom: 38.058%;\"><img loading=\"lazy\" decoding=\"async\" class=\"vce-single-image\"  width=\"896\" height=\"341\" srcset=\"https:\/\/colectivoaccionesdiversas.com\/wp-content\/uploads\/2025\/04\/LOGO-PATRI-320x122.png 320w, https:\/\/colectivoaccionesdiversas.com\/wp-content\/uploads\/2025\/04\/LOGO-PATRI-480x183.png 480w, https:\/\/colectivoaccionesdiversas.com\/wp-content\/uploads\/2025\/04\/LOGO-PATRI-800x304.png 800w, https:\/\/colectivoaccionesdiversas.com\/wp-content\/uploads\/2025\/06\/LOGO-PATRI-896x341.png 896w\" src=\"https:\/\/colectivoaccionesdiversas.com\/wp-content\/uploads\/2025\/06\/LOGO-PATRI-896x341.png\" data-img-src=\"https:\/\/colectivoaccionesdiversas.com\/wp-content\/uploads\/2025\/04\/LOGO-PATRI.png\" data-attachment-id=\"26\"  alt=\"\" title=\"LOGO-PATRI\" \/><\/div><\/div><figcaption hidden=\"\"><\/figcaption><\/figure><\/div><\/div><\/div><\/div><\/div><div class=\"vce-col vce-col--md-19p vce-col--xs-1 vce-col--xs-last vce-col--xs-first vce-col--sm-last vce-col--sm-first vce-col--md-last vce-col--lg-last vce-col--xl-last\" id=\"el-4b6759fe\"><div class=\"vce-col-inner\" data-vce-do-apply=\"border margin background  el-4b6759fe\"><div class=\"vce-col-content\" data-vce-element-content=\"true\" data-vce-do-apply=\"padding el-4b6759fe\"><div class=\"vcv-row-control-wrapper\"><\/div><\/div><\/div><\/div><\/div><\/div><\/div><div class=\"vce-row-container\" data-vce-boxed-width=\"true\"><div class=\"vce-row vce-row--col-gap-30 vce-row-equal-height vce-row-content--top\" id=\"el-73150649\" data-vce-do-apply=\"all el-73150649\"><div class=\"vce-row-content\" data-vce-element-content=\"true\"><div class=\"vce-col vce-col--md-auto vce-col--xs-1 vce-col--xs-last vce-col--xs-first vce-col--sm-last vce-col--sm-first vce-col--md-first vce-col--lg-first vce-col--xl-first\" id=\"el-f7faf8b8\"><div class=\"vce-col-inner\" data-vce-do-apply=\"border margin background  el-f7faf8b8\"><div class=\"vce-col-content\" data-vce-element-content=\"true\" data-vce-do-apply=\"padding el-f7faf8b8\"><div class=\"vcv-row-control-wrapper\"><\/div><\/div><\/div><\/div><div class=\"vce-col vce-col--md-auto vce-col--xs-1 vce-col--xs-last vce-col--xs-first vce-col--sm-last vce-col--sm-first\" id=\"el-80539fdb\"><div class=\"vce-col-inner\" data-vce-do-apply=\"border margin background  el-80539fdb\"><div class=\"vce-col-content\" data-vce-element-content=\"true\" data-vce-do-apply=\"padding el-80539fdb\"><div class=\"vce-text-block\"><div class=\"vce-text-block-wrapper vce\" id=\"el-08d1bb3f\" data-vce-do-apply=\"all el-08d1bb3f\"><h2 style=\"text-align: center;\"><span style=\"color: #ffffff; font-family: Roboto;\"><span style=\"font-size: 32px;\">PATRIMONIO<\/span><\/span><\/h2><\/div><\/div><\/div><\/div><\/div><div class=\"vce-col vce-col--md-auto vce-col--xs-1 vce-col--xs-last vce-col--xs-first vce-col--sm-last vce-col--sm-first vce-col--md-last vce-col--lg-last vce-col--xl-last\" id=\"el-0b2888b1\"><div class=\"vce-col-inner\" data-vce-do-apply=\"border margin background  el-0b2888b1\"><div class=\"vce-col-content\" data-vce-element-content=\"true\" data-vce-do-apply=\"padding el-0b2888b1\"><div class=\"vcv-row-control-wrapper\"><\/div><\/div><\/div><\/div><\/div><\/div><\/div><div class=\"vce-row-container\" data-vce-boxed-width=\"true\"><div class=\"vce-row vce-row--col-gap-30 vce-row-equal-height vce-row-content--top\" id=\"el-2a6b6565\" data-vce-do-apply=\"all el-2a6b6565\"><div class=\"vce-row-content\" data-vce-element-content=\"true\"><div class=\"vce-col vce-col--md-auto vce-col--xs-1 vce-col--xs-last vce-col--xs-first vce-col--sm-last vce-col--sm-first vce-col--md-last vce-col--lg-last vce-col--xl-last vce-col--md-first vce-col--lg-first vce-col--xl-first\" id=\"el-5d4cc4d1\"><div class=\"vce-col-inner\" data-vce-do-apply=\"border margin background  el-5d4cc4d1\"><div class=\"vce-col-content\" data-vce-element-content=\"true\" data-vce-do-apply=\"padding el-5d4cc4d1\"><div class=\"vce-text-block\"><div class=\"vce-text-block-wrapper vce\" id=\"el-44ac384c\" data-vce-do-apply=\"all el-44ac384c\"><p class=\"p1\"><span style=\"font-family: inherit; color: #ccffff;\">La importancia que tiene la declaratoria de la Marcha LGBTTTIQ+ de la Ciudad de M\u00e9xico como Patrimonio Cultural Inmaterial de nuestra ciudad, radica en que es una manifestaci\u00f3n p\u00fablica, una celebraci\u00f3n anual, es, en esencia, un acto colectivo de memoria, resistencia, arte y transformaci\u00f3n social. Representa la lucha hist\u00f3rica de las personas de la diversidad sexual y de g\u00e9nero por el reconocimiento pleno de sus derechos, su visibilidad y su dignidad.<\/span><\/p>\n<p class=\"p1\"><span style=\"font-family: inherit; color: #ccffff;\">El art\u00edculo 8, apartado D de la Constituci\u00f3n Pol\u00edtica de la Ciudad de M\u00e9xico, fundamenta que el patrimonio cultural inmaterial incluye las expresiones, conocimientos, usos, representaciones, saberes, t\u00e9cnicas y elementos que las comunidades, grupos e individuos reconocen como parte integrante de su identidad y memoria colectiva. Sin duda, la Marcha LGBTTTIQ+ encarna todos estos elementos: es s\u00edmbolo de identidad de un gran grupo social, de herencia intergeneracional, de transmisi\u00f3n de saberes y de apropiaci\u00f3n del espacio p\u00fablico.<\/span><\/p>\n<p class=\"p1\"><span style=\"font-family: inherit; color: #ccffff;\">El art\u00edculo 32 de la Ley de Patrimonio Cultural, Natural y Biocultural de la Ciudad de M\u00e9xico, reconoce el patrimonio cultural inmaterial como \u201ctodo producto cultural, tanto individual como colectivo, que tiene un significado, valor especial para un grupo social determinado o para la sociedad en general que puede poseer una dimensi\u00f3n expresamente f\u00edsica, y se caracteriza fundamentalmente por ser reconocido como depositario de conocimientos, representaciones, visiones culturales, concepciones del mundo, formas de vida y su expresi\u00f3n simb\u00f3lica.\u201d<\/span><\/p>\n<p class=\"p1\"><span style=\"font-family: inherit; color: #ccffff;\">En el a\u00f1o 2019 varios comit\u00e9s que se han involucrado en la realizaci\u00f3n de la marcha en diferentes momentos, fueron convocados por el gobierno a instancias del entonces Secretario de Gobierno de la Ciudad de M\u00e9xico; Don Alfonso Su\u00e1rez del Real, en esa reuni\u00f3n como Comit\u00e9 Hist\u00f3rico y Archivos y Memorias Diversas, Alonso Hern\u00e1ndez Victoria solicit\u00f3 que La Marcha fuera reconocida como Patrimonio Cultural Inmaterial; iniciativa a la cual se sumaron en el a\u00f1o 2021, Juan Carlos Yustis, en representaci\u00f3n de La Marcha es de quien La Marcha; Jorge de La Rosa del Comit\u00e9 Orgullo y Dignidad, Concepci\u00f3n Alem\u00e1n-Castillo Pe\u00f1aloza por ACAENCORTO Producciones, A.C. y Lola Dejav\u00fa e Iv\u00f3n Villegas en representaci\u00f3n de las comunidades trans.<\/span><\/p>\n<p class=\"p1\"><span style=\"font-family: inherit; color: #ccffff;\">El secretario de Gobierno trat\u00f3 de impulsar la iniciativa e impuls\u00f3 el exhorto del entonces diputado Tem\u00edstocles Villanueva en la C\u00e1mara de Diputados local, lamentablemente no pudo concretarse de forma adecuada porque el procedimiento no fue el correcto.<\/span><\/p>\n<p class=\"p1\"><span style=\"font-family: inherit; color: #ccffff;\">Los mecanismos de trabajo se replantearon en coordinaci\u00f3n con la secretaria de Cultura de la Ciudad de M\u00e9xico y el equipo de Patrimonio Cultural de la misma, quienes impulsaron una serie de reuniones, talleres, conferencias para que la propuesta aterrizara en los tres documentos base: el expediente t\u00e9cnico, el diagn\u00f3stico y el plan de salvaguarda.<\/span><\/p>\n<p class=\"p1\"><span style=\"font-family: inherit; color: #ccffff;\">En el a\u00f1o 2021 se dio a conocer una petici\u00f3n que fue firmada por muchas personas asistentes que marchaban en la marcha, el equipo que particip\u00f3 en esa actividad, integrantes de Archivos y Memoria Diversas estuvo conformado por Miguel Corona, Jos\u00e9 Luis Legorreta, Maricel Izaza, Gilda Jara, Fidel Oscuro, Alonso Hern\u00e1ndez entre otros.<\/span><\/p>\n<p class=\"p1\"><span style=\"font-family: inherit; color: #ccffff;\">D\u00edas despu\u00e9s se realiz\u00f3 una reuni\u00f3n con colectivos, organizaciones y asociaciones civiles, quienes otorgaron su firma y copia de acta constitutiva de sus agrupaciones - Mario Arteaga y Xabier Lizarraga todav\u00eda asistieron-; declinaron participar en esta petici\u00f3n Yaaj y Guimel.<\/span><\/p>\n<p class=\"p1\"><span style=\"font-family: inherit; color: #ccffff;\">La Patrimonializacion de la Marcha fue solicitada por tres Comit\u00e9s: el Hist\u00f3rico, el de Orgullo y Dignidad y La Marcha es de quien La Marcha; la petici\u00f3n popular y de AC realizada desde el Centro de Investigaci\u00f3n y Resguardo de La Memoria de las Diversidades (Archivos y Memorias Diversas) cont\u00f3 con __firmas y de xxx n\u00famero de AC y xx Colectivos LGBT+; el dise\u00f1o de los documentos corri\u00f3 por cuenta de los integrantes del Colectivo de Acciones Diversas, CADI, (conformado por un promedio de 12 personas), apoy\u00e1ndose con otras organizaciones LGBT+.<\/span><\/p>\n<p class=\"p1\"><span style=\"font-family: inherit; color: #ccffff;\">A lo largo de estos a\u00f1os ha habido reuniones f\u00edsicas y a trav\u00e9s de plataformas como meet, zoom, videollamadas de whatsapp para concretar los documentos y llevar a cabo la consulta a los diferentes sectores y comunidades de la amplia poblaci\u00f3n lgbtttiq+.<\/span><\/p>\n<p class=\"p1\"><span style=\"font-family: inherit; color: #ccffff;\">Despu\u00e9s de cuatro a\u00f1os, se pudieron presentar y someter a una primera consulta los documentos base en la Casa Citlaltepetl de la colonia Condesa el pasado 6 de mayo, donde acudieron m\u00e1s de 30 liderazgos que representan a diversas organizaciones y colectivos y donde se escucharon sus apreciaciones, correcciones, modificaciones y agregados a los textos presentados.<\/span><\/p>\n<p class=\"p1\"><span style=\"font-family: inherit; color: #ccffff;\">La redacci\u00f3n e implementaci\u00f3n de la declaratoria busca proteger, promover y salvaguardar la Marcha del Orgullo LGBTTTIQ+ de la Ciudad de M\u00e9xico como Patrimonio Cultural Inmaterial, garantizando su integridad cultural y de lucha, fomentando la participaci\u00f3n y la inclusi\u00f3n de la comunidad, promoviendo la visibilidad y el reconocimiento de la diversidad sexual y de g\u00e9nero.<\/span><\/p>\n<p class=\"p1\"><span style=\"font-family: inherit; color: #ccffff;\">Ha sido el Colectivo de Acciones Diversas y sus integrantes: Alonso Hern\u00e1ndez, Concepci\u00f3n Alem\u00e1n-Castillo Pe\u00f1aloza, Enrique Torralba, Francisco Vela, Gilda Jara, Javier Mart\u00ednez, Joe \"Martin\" Almaguer y Juan Carlos Yustis, quienes han llevado a cabo cada uno de los pasos, siendo vocero el Dr. Abraham Manr\u00edquez.<\/span><\/p>\n<p class=\"p1\"><span style=\"font-family: inherit; color: #ccffff;\">Si bien se entiende que el plan de salvaguarda no es definitivo y deber\u00e1 revisarse cuantas veces sea necesario para darle viabilidad a la ejecuci\u00f3n del bien inmaterial que se busca salvaguardar, consideramos de vital importancia lo siguiente:<\/span><\/p>\n<p class=\"p1\"><span style=\"font-family: inherit; color: #ccffff;\">1.- La marcha del Orgullo LGBTTTTIQ+ de la Ciudad de M\u00e9xico es un movimiento social, cultural con exigencias muy precisas, que naci\u00f3 de grupos y activistas independientes y que pertenece a toda la ciudadan\u00eda mexicana que habita en la Ciudad de M\u00e9xico, por ello, ninguna persona, empresa, grupo, sociedad o asociaci\u00f3n civil, mercantil o privada o colectivo tiene el derecho a explotar comercial, partidista o pol\u00edticamente la marcha LGBTTTIQNB+, ni usar el nombre de Marcha LGBT+ de la Ciudad de M\u00e9xico, efectuada el \u00faltimo s\u00e1bado de junio de cada a\u00f1o, para su usufructo o beneficio personal, de hacerlo las autoridades correspondientes, incluyendo al Comit\u00e9 de coordinaci\u00f3n y gesti\u00f3n de la marcha, tendr\u00e1n que dar inicio a los procedimientos jur\u00eddicos correspondientes y ejercer las acciones necesarias para evitar dichas situaciones.<\/span><\/p>\n<p class=\"p1\"><span style=\"font-family: inherit; color: #ccffff;\">2.- El plan de salvaguarda resguarda a) La fecha de realizaci\u00f3n de la marcha del orgullo LGBTTTTIQ+ de la Ciudad de M\u00e9xico; b) El recorrido, c) La intervenci\u00f3n gubernamental por cualquier medio como personaje coadyuvante para el desarrollo de la misma, pero nunca como organizador o autor primario de la misma d) El hecho de que sean las Organizaciones de la Sociedad Civil y los activismos sociales quienes encabecen anualmente la marcha; e) Las consignas y protestas e) los mecanismos de rendici\u00f3n y transparencia de cuentas.<\/span><\/p>\n<p class=\"p1\"><span style=\"font-family: inherit; color: #ccffff;\">3.- No debemos olvidar las ra\u00edces sociales y de exigencia de la Marcha en la cual varios temas fundamentales encontraron eco como los transfeminicidios, la lucha contra el VIH, el acceso a medicamentos, el deporte, el cupo laboral trans, las leyes de matrimonio, identidad de g\u00e9nero, los cr\u00edmenes de odios, el reconocimiento de las infancias trans, entre otros; por ello el discurso anual que acompa\u00f1e a la Marcha en los eventos de inicio y cierre de la misma deben plantear las exigencias, se\u00f1alar la capacidad de indignaci\u00f3n, y evitar por todo los medios posibles, cualquier tipo de censura a las manifestaciones socioculturales que coinciden o se emparejan con la marcha y la persecuci\u00f3n de activismos y las disidencias sexopol\u00edticas.<\/span><\/p>\n<p class=\"p1\"><span style=\"font-family: inherit; color: #ccffff;\">4. El plan de salvaguarda debe dar pie a la construcci\u00f3n de una comunidad donde confluyan el activismo, los empresarios, el gobierno y todas aquellas comunidades que apoyan la ejecuci\u00f3n y desarrollo de la marcha y se benefician con ella, como los vendedores ambulantes o los patrocinadores de los automotores, por ello es indispensable, buscar acuerdos que le den viabilidad a la convivencia.<\/span><\/p>\n<p class=\"p1\"><span style=\"font-family: inherit; color: #ccffff;\">5. Establecer los protocolos necesarios para que la comisi\u00f3n y el comit\u00e9 funcionen, pero tambi\u00e9n para que todas los objetivos y acciones confluyan a\u00f1o con a\u00f1o para el beneficio de la marcha y su ejecuci\u00f3n.<\/span><\/p>\n<p class=\"p1\"><span style=\"font-family: inherit; color: #ccffff;\">Celebramos que el pasado 27 de mayo en la Primera Sesi\u00f3n de Instalaci\u00f3n de la Comisi\u00f3n Interinstitucional del Patrimonio Cultural, Natural y Biocultural de la Ciudad de M\u00e9xico, realizada en las instalaciones del Instituto Nacional de Estudios Hist\u00f3ricos sobre la Revoluciones Mexicanas se haya aprobado el acuerdo para otorgar la declaratoria a la Marcha como Patrimonio Cultural Inmaterial de la Ciudad de M\u00e9xico.<\/span><\/p><\/div><\/div><\/div><\/div><\/div><\/div><\/div><\/div><div class=\"vce-row-container\"><div class=\"vce-row vce-row--col-gap-30 vce-row-equal-height vce-row-content--top\" data-vce-full-width=\"true\" id=\"el-dea661d9\" data-vce-do-apply=\"all el-dea661d9\"><div class=\"vce-row-content\" data-vce-element-content=\"true\"><div class=\"vce-col vce-col--md-auto vce-col--xs-1 vce-col--xs-last vce-col--xs-first vce-col--sm-last vce-col--sm-first vce-col--md-first vce-col--lg-first vce-col--xl-first\" id=\"el-0094206e\"><div class=\"vce-col-inner\" data-vce-do-apply=\"border margin background  el-0094206e\"><div class=\"vce-col-content\" data-vce-element-content=\"true\" data-vce-do-apply=\"padding el-0094206e\"><div class=\"vce-button--style-basic-container vce-button--style-basic-container--align-left\"><span class=\"vce-button--style-basic-wrapper vce\" id=\"el-8f05179d\" data-vce-do-apply=\"margin el-8f05179d\"><a class=\"vce-button vce-button--style-basic vce-button--style-basic--border-round vce-button--style-basic--size-medium vce-button--style-basic--color-b-161-181-13--fff\" href=\"https:\/\/colectivoaccionesdiversas.com\/index.php\/expediente-tecnico\/\" title=\"\" target=\"_blank\" data-vce-do-apply=\"padding border background  el-8f05179d\">EXPEDIENTE T\u00c9CNICO<\/a><\/span><\/div><\/div><\/div><\/div><div class=\"vce-col vce-col--md-auto vce-col--xs-1 vce-col--xs-last vce-col--xs-first vce-col--sm-last vce-col--sm-first\" id=\"el-3fa2a29b\"><div class=\"vce-col-inner\" data-vce-do-apply=\"border margin background  el-3fa2a29b\"><div class=\"vce-col-content\" data-vce-element-content=\"true\" data-vce-do-apply=\"padding el-3fa2a29b\"><div class=\"vce-button--style-basic-container vce-button--style-basic-container--align-left\"><span class=\"vce-button--style-basic-wrapper vce\" id=\"el-d5922915\" data-vce-do-apply=\"margin el-d5922915\"><a class=\"vce-button vce-button--style-basic vce-button--style-basic--border-round vce-button--style-basic--size-medium vce-button--style-basic--color-b-207-51-134--fff\" href=\"https:\/\/colectivoaccionesdiversas.com\/index.php\/diagnostico\/\" title=\"\" data-vce-do-apply=\"padding border background  el-d5922915\">DIAGN\u00d3STICO<\/a><\/span><\/div><\/div><\/div><\/div><div class=\"vce-col vce-col--md-auto vce-col--xs-1 vce-col--xs-last vce-col--xs-first vce-col--sm-last vce-col--sm-first vce-col--md-last vce-col--lg-last vce-col--xl-last\" id=\"el-b8bcba52\"><div class=\"vce-col-inner\" data-vce-do-apply=\"border margin background  el-b8bcba52\"><div class=\"vce-col-content\" data-vce-element-content=\"true\" data-vce-do-apply=\"padding el-b8bcba52\"><div class=\"vce-button--style-basic-container vce-button--style-basic-container--align-left\"><span class=\"vce-button--style-basic-wrapper vce\" id=\"el-2bb86177\" data-vce-do-apply=\"margin el-2bb86177\"><a class=\"vce-button vce-button--style-basic vce-button--style-basic--border-round vce-button--style-basic--size-medium vce-button--style-basic--color-b-45-182-189--fff\" href=\"https:\/\/colectivoaccionesdiversas.com\/index.php\/plan-de-salvaguarda\/\" title=\"\" data-vce-do-apply=\"padding border background  el-2bb86177\">PLAN DE SALVAGUARDA<\/a><\/span><\/div><\/div><\/div><\/div><\/div><\/div><\/div>","protected":false},"excerpt":{"rendered":"<p>CADI ES INTEGRADA POR LAS SIGUIENTES PERSONASALONSO HERN\u00c1NDEZ &#8211; CONCEPCI\u00d3N ALEM\u00c1N &#8211; ABRAHAM MANRIQUEZ &#8211; PACO VELA &#8211; JOE ALMAGUER &#8211; GILDA SALDA\u00d1A &#8211; ENRIQUE MART\u00cdNEZ &#8211; JAVIER MART\u00cdNEZ &#8211; ENRIQUE TORRALBA &#8211; JUAN CARLOS YUSTIS PATRIMONIOLa importancia que tiene la declaratoria de la Marcha LGBTTTIQ+ de la Ciudad de&hellip; <\/p>\n","protected":false},"author":1,"featured_media":0,"parent":0,"menu_order":0,"comment_status":"closed","ping_status":"closed","template":"","meta":{"footnotes":""},"class_list":["post-103","page","type-page","status-publish","hentry"],"_links":{"self":[{"href":"https:\/\/colectivoaccionesdiversas.com\/index.php\/wp-json\/wp\/v2\/pages\/103","targetHints":{"allow":["GET"]}}],"collection":[{"href":"https:\/\/colectivoaccionesdiversas.com\/index.php\/wp-json\/wp\/v2\/pages"}],"about":[{"href":"https:\/\/colectivoaccionesdiversas.com\/index.php\/wp-json\/wp\/v2\/types\/page"}],"author":[{"embeddable":true,"href":"https:\/\/colectivoaccionesdiversas.com\/index.php\/wp-json\/wp\/v2\/users\/1"}],"replies":[{"embeddable":true,"href":"https:\/\/colectivoaccionesdiversas.com\/index.php\/wp-json\/wp\/v2\/comments?post=103"}],"version-history":[{"count":7,"href":"https:\/\/colectivoaccionesdiversas.com\/index.php\/wp-json\/wp\/v2\/pages\/103\/revisions"}],"predecessor-version":[{"id":183,"href":"https:\/\/colectivoaccionesdiversas.com\/index.php\/wp-json\/wp\/v2\/pages\/103\/revisions\/183"}],"wp:attachment":[{"href":"https:\/\/colectivoaccionesdiversas.com\/index.php\/wp-json\/wp\/v2\/media?parent=103"}],"curies":[{"name":"wp","href":"https:\/\/api.w.org\/{rel}","templated":true}]}}